{"id":559,"date":"2023-02-08T11:34:08","date_gmt":"2023-02-08T11:34:08","guid":{"rendered":"http:\/\/kiallunkagyermekedert.hu\/?page_id=559"},"modified":"2023-02-09T09:38:18","modified_gmt":"2023-02-09T09:38:18","slug":"demonstracio-bejelentese-a-kiallunk-a-gyermekedert-tajekoztatoja","status":"publish","type":"page","link":"http:\/\/kiallunkagyermekedert.hu\/index.php\/demonstracio-bejelentese-a-kiallunk-a-gyermekedert-tajekoztatoja\/","title":{"rendered":"Demonstr\u00e1ci\u00f3 bejelent\u00e9se \u2013 a Ki\u00e1llunk a Gyermeked\u00e9rt t\u00e1j\u00e9koztat\u00f3ja"},"content":{"rendered":"\n<div style=\"height:100px\" aria-hidden=\"true\" class=\"wp-block-spacer\"><\/div>\n\n\n\n<h2 class=\"wp-block-heading\">1. Fogalommeghat\u00e1roz\u00e1sok<\/h2>\n\n\n\n<p>A <em><a href=\"https:\/\/net.jogtar.hu\/jogszabaly?docid=a1800055.tv\">2018. \u00e9vi LV. t\u00f6rv\u00e9ny a gy\u00fclekez\u00e9si jogr\u00f3l<\/a><\/em> fogalommeghat\u00e1roz\u00e1sai:<\/p>\n\n\n\n<p><strong>A b\u00e9k\u00e9s gy\u00fclekez\u00e9s joga:<\/strong><em> <\/em>Mindenkinek joga van ahhoz, hogy enged\u00e9ly vagy &#8211; a gy\u00fclekez\u00e9si t\u00f6rv\u00e9nyben meghat\u00e1rozott kiv\u00e9telekkel &#8211; el\u0151zetes bejelent\u00e9s n\u00e9lk\u00fcl, b\u00e9k\u00e9sen \u00e9s fegyvertelen\u00fcl m\u00e1sokkal k\u00f6z\u00f6sen felvonul\u00e1sokat \u00e9s t\u00fcntet\u00e9seket (a tov\u00e1bbiakban egy\u00fctt: gy\u0171l\u00e9s) szervezzen, \u00e9s azokon r\u00e9szt vegyen.<\/p>\n\n\n\n<p><strong>A gy\u0171l\u00e9s fogalma:<\/strong><em> A <\/em>gy\u0171l\u00e9s a <span style=\"text-decoration: underline;\">legal\u00e1bb k\u00e9t szem\u00e9ly<\/span> r\u00e9szv\u00e9tel\u00e9vel <span style=\"text-decoration: underline;\">k\u00f6z\u00fcgyben val\u00f3 v\u00e9lem\u00e9nynyilv\u00e1n\u00edt\u00e1s<\/span> c\u00e9lj\u00e1b\u00f3l tartott <span style=\"text-decoration: underline;\">nyilv\u00e1nos \u00f6sszej\u00f6vetel<\/span>.<\/p>\n\n\n\n<p><strong>A gy\u0171l\u00e9s nyilv\u00e1nos<\/strong>: ha ahhoz b\u00e1rki szabadon csatlakozhat.<\/p>\n\n\n\n<p><strong>Sajt\u00f3t\u00e1j\u00e9koztat\u00f3<\/strong>: hab\u00e1r jellemz\u0151en k\u00f6z\u00fcgyben tartj\u00e1k, nem gy\u0171l\u00e9s, mert ahhoz (annak v\u00e9lem\u00e9nynyilv\u00e1n\u00edt\u00f3 r\u00e9sz\u00e9hez nem csatlakozhatnak, csak az el\u0151re egyeztetett felsz\u00f3lal\u00f3k). <span style=\"text-decoration: underline;\">\u00c9rdemes azonban ezt is bejelenteni, a rend\u0151rs\u00e9g \u00f6ssze ne t\u00e9vessze fogalmakat.<\/span><\/p>\n\n\n\n<p><strong>Egyszem\u00e9lyes v\u00e9lem\u00e9nynyilv\u00e1n\u00edt\u00e1s<\/strong>: nem gy\u0171l\u00e9s. <span style=\"text-decoration: underline;\">Az egy\u00e9ni v\u00e9lem\u00e9nynyilv\u00e1n\u00edt\u00e1s kapcs\u00e1n nincs t\u00e1j\u00e9koztat\u00e1si k\u00f6telezetts\u00e9g a rend\u0151rs\u00e9g fel\u00e9.<\/span> Legjobb, ha meglepet\u00e9sk\u00e9nt \u00e9ri \u0151ket az egyszem\u00e9lyes forgalomlass\u00edt\u00e1s. Ha valaki m\u00e9gis bejelenten\u00e9, a bejelent\u00e9skor \u00e9rdemes megjegyezni, hogy nem gy\u00fclekez\u00e9sr\u0151l van sz\u00f3, \u00e9s a rend\u0151rs\u00e9g fel\u00e9 nem bejelent\u00e9st, csak \u201ct\u00e1j\u00e9koztat\u00e1st\u201d \u00e9rdemes k\u00fcldeni. \u00c9rdemi elb\u00edr\u00e1sa nem lesz, esetenk\u00e9nt a rend\u0151rs\u00e9gt\u0151l p\u00e1r, munkaid\u0151ben elejtett, rejtett sz\u00e1mos telefonh\u00edv\u00e1sra lehet sz\u00e1m\u00edtani. S\u0151t, megt\u00f6rt\u00e9nhet, hogy el\u0151re, a bejelent\u00e9s alapj\u00e1n valamilyen t\u00f6rv\u00e9nys\u00e9rt\u00e9st magyar\u00e1znak bele, \u00e9s az esem\u00e9ny kezdet\u00e9n m\u00e1r kivonulnak, \u00e9s ellehetetlen\u00edtik a demonstr\u00e1ci\u00f3t.<\/p>\n\n\n\n<p><strong>Nem k\u00f6z\u00fcgyben tartott v\u00e9lem\u00e9nynyilv\u00e1n\u00edt\u00e1s: <\/strong>nem gy\u0171l\u00e9s, akkor sem, ha szabadon csatlakozhatnak. Ilyen lenne p\u00e9ld\u00e1ul, ha Van Gogh festm\u00e9ny\u00e9r\u0151l mindenki ki\u00edrn\u00e1 egy t\u00e1bl\u00e1ra, hogy sz\u00e9p. <span style=\"text-decoration: underline;\">Azonban ezt is \u00e9rdemes bejelenteni, mert a rend\u0151rs\u00e9g \u00f6sszekeverheti a fogalmakat.<\/span><\/p>\n\n\n\n<p><strong>Nem meghirdetett, valamint a r\u00e9sztvev\u0151k nem engedik, m\u00e1sok szabad csatlakoz\u00e1s\u00e1t: <\/strong>de k\u00f6z\u00fcgyben, t\u00f6bb szem\u00e9ly tart v\u00e9lem\u00e9nynyilv\u00e1n\u00edt\u00e1st, szint\u00e9n nem min\u0151s\u00fcl gy\u0171l\u00e9snek az esem\u00e9ny, de bizonyosan szab\u00e1lys\u00e9rt\u00e9si elj\u00e1r\u00e1st ind\u00edt \u00e9s oszlat a rend\u0151rs\u00e9g, ha nincs bejelentve. <span style=\"text-decoration: underline;\">\u00c9rdemes bejelenteni.<\/span><\/p>\n\n\n\n<p><strong>S\u00fcrg\u0151s gy\u0171l\u00e9s, flashmob, stb.:<\/strong> Sajnos nincs jelent\u0151s\u00e9ge ezeknek a fogalmaknak addig, am\u00edg a tapasztalt rend\u0151ri t\u00falkap\u00e1sok miatt nem alkalmazhat\u00f3 biztons\u00e1ggal a jogod. Hi\u00e1ba hivatkozol egy friss esem\u00e9ny kapcs\u00e1n l\u00e9trej\u00f6tt spont\u00e1n, vagy s\u00fcrg\u0151s gy\u0171l\u00e9sre, arra fognak hivatkozni, hogy a r\u00e9sztvev\u0151k az\u00e9rt tudtak r\u00f3la, mert egy kit\u00fcntetett egy\u00e9n felh\u00edvta a figyelm\u00fcket a r\u00e9szv\u00e9telre, \u00e9s b\u0171nbakot fognak keresni. \u00c1ltal\u00e1ban ezek az elj\u00e1r\u00e1sok bizony\u00edtotts\u00e1g hi\u00e1nyban megsz\u0171nnek, de bent a rend\u0151rs\u00e9gen vallat\u00e1s folyik, \u00e9s a mi tapasztalataink szerint megpr\u00f3b\u00e1lj\u00e1k belemagyar\u00e1zni az emberbe, hogy mit mondjon, hogy azzal egy szem\u00e9lyt meg tudjanak terhelni. Egy elj\u00e1r\u00e1s volt csapatunk ellen, r\u00f6vid id\u0151n bel\u00fcl megsz\u0171nt, de t\u00f6bb hasonl\u00f3 esetr\u0151l tudunk.<\/p>\n\n\n\n<p><strong>K\u00f6zter\u00fclet: <\/strong>A vonatkoz\u00f3 jogszab\u00e1ly szerint, annak alkalmaz\u00e1sa sor\u00e1n k\u00f6zter\u00fclet a k\u00f6zhaszn\u00e1latra szolg\u00e1l\u00f3 minden olyan \u00e1llami vagy \u00f6nkorm\u00e1nyzati tulajdonban \u00e1ll\u00f3 f\u00f6ldter\u00fclet, amelyet az ingatlan-nyilv\u00e1ntart\u00e1s ekk\u00e9nt tart nyilv\u00e1n, \u00e9s amelyet mindenki korl\u00e1toz\u00e1s n\u00e9lk\u00fcl ig\u00e9nybe vehet, ide\u00e9rtve a k\u00f6zter\u00fcletnek k\u00f6z\u00fatk\u00e9nt vagy t\u00e9rk\u00e9nt szolg\u00e1l\u00f3 r\u00e9sz\u00e9t is.<\/p>\n\n\n\n<h2 class=\"wp-block-heading\">2. \u00c1ltal\u00e1nos alapelvek<\/h2>\n\n\n\n<h3 class=\"wp-block-heading\">Nem haszn\u00e1lhat\u00f3 eszk\u00f6z\u00f6k<\/h3>\n\n\n\n<p id=\"pr46id\">A jogszab\u00e1ly ezeket a gy\u0171l\u00e9s b\u00e9k\u00e9s jelleg\u00e9t biztos\u00edt\u00f3 korl\u00e1toz\u00e1soknak nevezi.<\/p>\n\n\n\n<p id=\"pr47id\">Tilos a gy\u0171l\u00e9sen &#8211; ide\u00e9rtve az oda eljut\u00e1st, illetve az onnan t\u00e1voz\u00e1st is &#8211; l\u0151fegyvert, l\u0151szert, robban\u00f3anyagot, vesz\u00e9lyes vegyi anyagot, az \u00e9let kiolt\u00e1s\u00e1ra, szem\u00e9lyi s\u00e9r\u00fcl\u00e9s vagy s\u00falyos anyagi k\u00e1r okoz\u00e1s\u00e1ra alkalmas dolgot tartani, vagy er\u0151szakot k\u00f6zvet\u00edt\u0151 vagy megf\u00e9leml\u00edt\u0151 jelleg\u0171 f\u00e9lkatonai vagy ahhoz hasonl\u00f3 ruh\u00e1zatot viselve megjelenni.<br>Ha azt a tudom\u00e1sul vett bejelent\u00e9s nem tartalmazta, a r\u00e9sztvev\u0151k nem viselhetnek v\u00e9d\u0151felszerel\u00e9st, egyenruh\u00e1t, vagy azzal \u00f6sszet\u00e9veszthet\u0151 ruh\u00e1zatot, tov\u00e1bb\u00e1 arcukat nem takarhatj\u00e1k el.<\/p>\n\n\n\n<p>Hab\u00e1r bizonyos pirotechnikai eszk\u00f6z\u00f6k haszn\u00e1lata nem \u00fctk\u00f6zik jogszab\u00e1lyba, a rend\u0151ri t\u00falkap\u00e1sok elker\u00fcl\u00e9se \u00e9rdek\u00e9ben ilyeneket ne tartsunk magunkn\u00e1l.<\/p>\n\n\n\n<h3 class=\"wp-block-heading\">K\u00f6zter\u00fcletnek nem min\u0151s\u00fcl\u0151 helysz\u00ednen tartott gy\u0171l\u00e9s<\/h3>\n\n\n\n<p>Csak az ingatlan tulajdonos\u00e1nak \u00e9s haszn\u00e1l\u00f3j\u00e1nak hozz\u00e1j\u00e1rul\u00e1s\u00e1val szervezhet\u0151 gy\u0171l\u00e9s. Ilyen helysz\u00ednre nem szervez\u00fcnk gy\u0171l\u00e9st. P\u00e9lda: Pl\u00e1za, vagy annak parkol\u00f3ja. A k\u00f6zforgalom sz\u00e1m\u00e1ra megnyitott nem jelenti azt, hogy k\u00f6zter\u00fclet. \u00c9rdemes ezeket is elker\u00fclni.<\/p>\n\n\n\n<p>K\u00e9rd\u00e9s, hogy egy k\u00f6zint\u00e9zm\u00e9ny ter\u00fclete k\u00f6zter\u00fclet-e, p\u00e9ld\u00e1ul egy hivatal, vagy a b\u00edr\u00f3s\u00e1g ter\u00fclete, \u00e9s ott milyen form\u00e1ban szabad v\u00e9lem\u00e9nyt nyilv\u00e1n\u00edtani.<\/p>\n\n\n\n<p>Az \u00e1llami vagy \u00f6nkorm\u00e1nyzati tulajdonban l\u00e9v\u0151 ingatlanok , melyek nem vehet\u0151ek ig\u00e9nybe korl\u00e1toz\u00e1s n\u00e9lk\u00fcl \u00e9s\/vagy nem k\u00f6zhaszn\u00e1latra szolg\u00e1lnak, nem min\u0151s\u00fclnek k\u00f6zter\u00fcletnek, a t\u00f6rv\u00e9nyben meghat\u00e1rozott fogalom \u00e9rtelmez\u00e9se szerint.<\/p>\n\n\n\n<p>Kiv\u00e9telt k\u00e9pezhet ut\u00f3bbiak al\u00f3l p\u00e9ld\u00e1ul egy \u00fcgyf\u00e9lv\u00e1r\u00f3, de k\u00e9tes \u00e9rtelmez\u00e9sek elker\u00fcl\u00e9se \u00e9rdek\u00e9ben ilyen helysz\u00ednre nem szervez\u00fcnk demonstr\u00e1ci\u00f3t. Eleve az \u00e9p\u00fcletben el\u0151\u00edrt magatart\u00e1si szab\u00e1lyok, norm\u00e1k lesz\u0171k\u00edtik a demonstr\u00e1ci\u00f3hoz ig\u00e9nybe vehet\u0151 eszk\u00f6z\u00f6ket, m\u00f3dszereket.<\/p>\n\n\n\n<p><strong>Fentiek eset\u00e9ben a tulajdonos birtokv\u00e9delemhez fordulhat, a tulajdonos enged\u00e9lye n\u00e9lk\u00fcli gy\u0171l\u00e9s eset\u00e9n szab\u00e1lys\u00e9rt\u00e9si elj\u00e1r\u00e1sban 150.000 forintig terjed\u0151 p\u00e9nzb\u00edrs\u00e1ggal s\u00fajthat\u00f3 a szab\u00e1lyszeg\u0151, valamint egy\u00e9b m\u00f3don fell\u00e9phet a tulajdonos a birtok\u00e1nak v\u00e9delme \u00e9rdek\u00e9ben.<\/strong><\/p>\n\n\n\n<p>Alapvet\u0151en a gy\u00fclekez\u00e9si t\u00f6rv\u00e9ny a gy\u00fclekez\u00e9sre vonatkozik, egyszem\u00e9lyes v\u00e9lem\u00e9nynyilv\u00e1n\u00edt\u00e1sra nincs jogszab\u00e1ly, \u00edgy az b\u00e1rhol megtehet\u0151, viszont ez esetben is a tulajdonos birtokv\u00e9delemhez fordulhat, ha az ingatlant nem rendeltet\u00e9sszer\u0171en haszn\u00e1lja az illet\u0151. A polg\u00e1ri jog szab\u00e1lyai alapj\u00e1n a birtokost birtokv\u00e9delem illeti meg, ha birtok\u00e1t\u00f3l jogalap n\u00e9lk\u00fcl megfosztj\u00e1k, vagy birtokl\u00e1s\u00e1ban jogalap n\u00e9lk\u00fcl h\u00e1bor\u00edtj\u00e1k. Mivel ez nem Btk. \u00edgy elm\u00e9letileg a ki\u00e9rkez\u0151 rend\u0151r nem j\u00e1rhat el, de ezt a fajta megmozdul\u00e1st m\u00e1r csak a b\u00e1trabb, v\u00e1llalkoz\u00f3 szellem\u0171 egy\u00e9nek saj\u00e1t felel\u0151ss\u00e9gre tehetik meg, semmik\u00e9ppen nem javasolt a \u201cbirtokh\u00e1bor\u00edt\u00e1s\u201d. Itt nem arr\u00f3l van sz\u00f3, hogy m\u00e9hecske jelmezben bem\u00e9sz v\u00e1s\u00e1rolni a boltba, \u00e9s kik\u00fclden\u00e9nek, val\u00f3sz\u00edn\u0171leg nem fognak, ha v\u00e1s\u00e1rolsz, a tulajdonos \u00e9rdekeit nem fogod s\u00e9rteni. Azonban egy bonyolult gyermekv\u00e9delmi, hat\u00f3s\u00e1gi vissza\u00e9l\u00e9si \u00fcgynek nem ez a f\u00f3ruma.<\/p>\n","protected":false},"excerpt":{"rendered":"<p>1. Fogalommeghat\u00e1roz\u00e1sok A 2018. \u00e9vi LV. t\u00f6rv\u00e9ny a gy\u00fclekez\u00e9si jogr\u00f3l fogalommeghat\u00e1roz\u00e1sai: A b\u00e9k\u00e9s gy\u00fclekez\u00e9s joga: Mindenkinek joga van ahhoz, hogy enged\u00e9ly vagy &#8211; a gy\u00fclekez\u00e9si t\u00f6rv\u00e9nyben meghat\u00e1rozott kiv\u00e9telekkel &#8211; el\u0151zetes bejelent\u00e9s n\u00e9lk\u00fcl, b\u00e9k\u00e9sen \u00e9s fegyvertelen\u00fcl m\u00e1sokkal k\u00f6z\u00f6sen felvonul\u00e1sokat \u00e9s t\u00fcntet\u00e9seket (a tov\u00e1bbiakban egy\u00fctt: gy\u0171l\u00e9s) szervezzen, \u00e9s azokon r\u00e9szt vegyen. A gy\u0171l\u00e9s fogalma: A gy\u0171l\u00e9s a&hellip;&nbsp;<a href=\"http:\/\/kiallunkagyermekedert.hu\/index.php\/demonstracio-bejelentese-a-kiallunk-a-gyermekedert-tajekoztatoja\/\" rel=\"bookmark\">Read More &raquo;<span class=\"screen-reader-text\">Demonstr\u00e1ci\u00f3 bejelent\u00e9se \u2013 a Ki\u00e1llunk a Gyermeked\u00e9rt t\u00e1j\u00e9koztat\u00f3ja<\/span><\/a><\/p>\n","protected":false},"author":1,"featured_media":0,"parent":0,"menu_order":0,"comment_status":"closed","ping_status":"closed","template":"","meta":{"_seopress_robots_primary_cat":"","neve_meta_sidebar":"","neve_meta_container":"","neve_meta_enable_content_width":"","neve_meta_content_width":0,"neve_meta_title_alignment":"","neve_meta_author_avatar":"","neve_post_elements_order":"","neve_meta_disable_header":"","neve_meta_disable_footer":"","neve_meta_disable_title":"","footnotes":""},"class_list":["post-559","page","type-page","status-publish","hentry"],"_links":{"self":[{"href":"http:\/\/kiallunkagyermekedert.hu\/index.php\/wp-json\/wp\/v2\/pages\/559","targetHints":{"allow":["GET"]}}],"collection":[{"href":"http:\/\/kiallunkagyermekedert.hu\/index.php\/wp-json\/wp\/v2\/pages"}],"about":[{"href":"http:\/\/kiallunkagyermekedert.hu\/index.php\/wp-json\/wp\/v2\/types\/page"}],"author":[{"embeddable":true,"href":"http:\/\/kiallunkagyermekedert.hu\/index.php\/wp-json\/wp\/v2\/users\/1"}],"replies":[{"embeddable":true,"href":"http:\/\/kiallunkagyermekedert.hu\/index.php\/wp-json\/wp\/v2\/comments?post=559"}],"version-history":[{"count":3,"href":"http:\/\/kiallunkagyermekedert.hu\/index.php\/wp-json\/wp\/v2\/pages\/559\/revisions"}],"predecessor-version":[{"id":574,"href":"http:\/\/kiallunkagyermekedert.hu\/index.php\/wp-json\/wp\/v2\/pages\/559\/revisions\/574"}],"wp:attachment":[{"href":"http:\/\/kiallunkagyermekedert.hu\/index.php\/wp-json\/wp\/v2\/media?parent=559"}],"curies":[{"name":"wp","href":"https:\/\/api.w.org\/{rel}","templated":true}]}}