{"id":546,"date":"2023-02-07T19:57:02","date_gmt":"2023-02-07T19:57:02","guid":{"rendered":"http:\/\/kiallunkagyermekedert.hu\/?page_id=546"},"modified":"2023-02-08T12:08:25","modified_gmt":"2023-02-08T12:08:25","slug":"informacios-portal","status":"publish","type":"page","link":"http:\/\/kiallunkagyermekedert.hu\/index.php\/informacios-portal\/","title":{"rendered":"Demonstr\u00e1ci\u00f3"},"content":{"rendered":"\n<div class=\"wp-block-cover alignfull\" style=\"min-height:300px;aspect-ratio:unset;\"><span aria-hidden=\"true\" class=\"wp-block-cover__background has-nv-site-bg-background-color has-background-dim-100 has-background-dim\"><\/span><div class=\"wp-block-cover__inner-container is-layout-flow wp-block-cover-is-layout-flow\">\n<div class=\"wp-block-group\"><div class=\"wp-block-group__inner-container is-layout-flow wp-block-group-is-layout-flow\">\n<h1 class=\"has-text-align-left has-neve-text-color-color has-text-color wp-block-heading\">Demonstr\u00e1ci\u00f3<\/h1>\n<\/div><\/div>\n<\/div><\/div>\n\n\n\n<div class=\"wp-block-cover alignfull\" style=\"min-height:600px;aspect-ratio:unset;\"><span aria-hidden=\"true\" class=\"wp-block-cover__background has-nv-light-bg-background-color has-background-dim-100 has-background-dim\"><\/span><div class=\"wp-block-cover__inner-container is-layout-flow wp-block-cover-is-layout-flow\">\n<div class=\"wp-block-group\"><div class=\"wp-block-group__inner-container is-layout-flow wp-block-group-is-layout-flow\">\n<div style=\"height:80px\" aria-hidden=\"true\" class=\"wp-block-spacer\"><\/div>\n\n\n\n<div class=\"wp-block-columns are-vertically-aligned-center is-layout-flex wp-container-core-columns-is-layout-9d6595d7 wp-block-columns-is-layout-flex\">\n<div class=\"wp-block-column is-vertically-aligned-center is-layout-flow wp-block-column-is-layout-flow\" style=\"flex-basis:50%\"><div class=\"wp-block-image\">\n<figure class=\"aligncenter size-large\"><img loading=\"lazy\" decoding=\"async\" width=\"1024\" height=\"1024\" src=\"http:\/\/kiallunkagyermekedert.hu\/wp-content\/uploads\/2023\/02\/FIST_2-1024x1024.png\" alt=\"\" class=\"wp-image-550\" srcset=\"http:\/\/kiallunkagyermekedert.hu\/wp-content\/uploads\/2023\/02\/FIST_2-1024x1024.png 1024w, http:\/\/kiallunkagyermekedert.hu\/wp-content\/uploads\/2023\/02\/FIST_2-300x300.png 300w, http:\/\/kiallunkagyermekedert.hu\/wp-content\/uploads\/2023\/02\/FIST_2-150x150.png 150w, http:\/\/kiallunkagyermekedert.hu\/wp-content\/uploads\/2023\/02\/FIST_2-768x768.png 768w, http:\/\/kiallunkagyermekedert.hu\/wp-content\/uploads\/2023\/02\/FIST_2-1536x1536.png 1536w, http:\/\/kiallunkagyermekedert.hu\/wp-content\/uploads\/2023\/02\/FIST_2-2048x2048.png 2048w, http:\/\/kiallunkagyermekedert.hu\/wp-content\/uploads\/2023\/02\/FIST_2-24x24.png 24w, http:\/\/kiallunkagyermekedert.hu\/wp-content\/uploads\/2023\/02\/FIST_2-48x48.png 48w, http:\/\/kiallunkagyermekedert.hu\/wp-content\/uploads\/2023\/02\/FIST_2-96x96.png 96w\" sizes=\"auto, (max-width: 1024px) 100vw, 1024px\" \/><\/figure>\n<\/div>\n\n\n<h3 class=\"has-text-align-center has-neve-text-color-color has-text-color wp-block-heading\">Demonstr\u00e1ci\u00f3 bejelent\u00e9se &#8211; a TASZ t\u00e1j\u00e9koztat\u00f3ja<\/h3>\n\n\n\n<p class=\"has-text-align-center has-neve-text-color-color has-text-color\"><em>A cikk tartalmilag megegyezik a TASZ <a href=\"https:\/\/tasz.hu\/tiltakozz\/a-k\u00f6zter\u00fcleten-tartott-gy\u0171l\u00e9sek-bejelent\u00e9se\" data-type=\"URL\" data-id=\"https:\/\/tasz.hu\/tiltakozz\/a-k\u00f6zter\u00fcleten-tartott-gy\u0171l\u00e9sek-bejelent\u00e9se\" target=\"_blank\" rel=\"noreferrer noopener\">oldal\u00e1n<\/a> k\u00f6zz\u00e9tett tartalommal 2023.02.07. napj\u00e1n<\/em>, <em>melyet eredetileg a TASZ hozott l\u00e9tre, a Ki\u00e1llunk a Gyermeked\u00e9rt m\u00e1sodlagos megoszt\u00f3ja az \u00e1ltalunk k\u00f6z\u00e9rdek\u0171nek tartott tartalomnak.<\/em><\/p>\n\n\n\n<div class=\"wp-block-buttons is-content-justification-center is-layout-flex wp-container-core-buttons-is-layout-16018d1d wp-block-buttons-is-layout-flex\">\n<div class=\"wp-block-button is-style-primary\"><a class=\"wp-block-button__link wp-element-button\" href=\"http:\/\/kiallunkagyermekedert.hu\/index.php\/kozteruleten-tuntetnel-igy-jelentsd-be\/\">\u00cdGY JELENTSD BE!<\/a><\/div>\n<\/div>\n\n\n\n<div style=\"height:40px\" aria-hidden=\"true\" class=\"wp-block-spacer\"><\/div>\n<\/div>\n\n\n\n<div class=\"wp-block-column is-vertically-aligned-center is-layout-flow wp-block-column-is-layout-flow\" style=\"flex-basis:50%\"><div class=\"wp-block-image\">\n<figure class=\"aligncenter size-large\"><img loading=\"lazy\" decoding=\"async\" width=\"1024\" height=\"1024\" src=\"http:\/\/kiallunkagyermekedert.hu\/wp-content\/uploads\/2023\/02\/FIST_1-2-1024x1024.png\" alt=\"\" class=\"wp-image-551\" srcset=\"http:\/\/kiallunkagyermekedert.hu\/wp-content\/uploads\/2023\/02\/FIST_1-2-1024x1024.png 1024w, http:\/\/kiallunkagyermekedert.hu\/wp-content\/uploads\/2023\/02\/FIST_1-2-300x300.png 300w, http:\/\/kiallunkagyermekedert.hu\/wp-content\/uploads\/2023\/02\/FIST_1-2-150x150.png 150w, http:\/\/kiallunkagyermekedert.hu\/wp-content\/uploads\/2023\/02\/FIST_1-2-768x768.png 768w, http:\/\/kiallunkagyermekedert.hu\/wp-content\/uploads\/2023\/02\/FIST_1-2-1536x1536.png 1536w, http:\/\/kiallunkagyermekedert.hu\/wp-content\/uploads\/2023\/02\/FIST_1-2-2048x2048.png 2048w, http:\/\/kiallunkagyermekedert.hu\/wp-content\/uploads\/2023\/02\/FIST_1-2-24x24.png 24w, http:\/\/kiallunkagyermekedert.hu\/wp-content\/uploads\/2023\/02\/FIST_1-2-48x48.png 48w, http:\/\/kiallunkagyermekedert.hu\/wp-content\/uploads\/2023\/02\/FIST_1-2-96x96.png 96w\" sizes=\"auto, (max-width: 1024px) 100vw, 1024px\" \/><\/figure>\n<\/div>\n\n\n<h3 class=\"has-text-align-center has-neve-text-color-color has-text-color wp-block-heading\">Demonstr\u00e1ci\u00f3 bejelent\u00e9se &#8211; a Ki\u00e1llunk a Gyermeked\u00e9rt t\u00e1j\u00e9koztat\u00f3ja<\/h3>\n\n\n\n<p class=\"has-text-align-center has-neve-text-color-color has-text-color\">Mi is k\u00f6r\u00fclj\u00e1rtuk a t\u00e9m\u00e1t, hiszen demonstr\u00e1ci\u00f3ink speci\u00e1lis, egyedi \u00fcgyekben t\u00f6rt\u00e9nnek.<\/p>\n\n\n\n<p class=\"has-text-align-center has-neve-text-color-color has-text-color\"><a href=\"http:\/\/kiallunkagyermekedert.hu\/index.php\/elerhetosegek\/\" data-type=\"page\" data-id=\"36\">K\u00c9RD SEG\u00cdTS\u00c9G\u00dcNK!<\/a><\/p>\n\n\n\n<div class=\"wp-block-buttons is-content-justification-center is-layout-flex wp-container-core-buttons-is-layout-16018d1d wp-block-buttons-is-layout-flex\">\n<div class=\"wp-block-button is-style-primary\"><a class=\"wp-block-button__link wp-element-button\" href=\"http:\/\/kiallunkagyermekedert.hu\/index.php\/demonstracio-bejelentese-a-kiallunk-a-gyermekedert-tajekoztatoja\/\">HA KI\u00c1LLN\u00c1L A GYERMEKED\u00c9RT!<\/a><\/div>\n<\/div>\n\n\n\n<div style=\"height:40px\" aria-hidden=\"true\" class=\"wp-block-spacer\"><\/div>\n<\/div>\n<\/div>\n\n\n\n<div style=\"height:40px\" aria-hidden=\"true\" class=\"wp-block-spacer\"><\/div>\n<\/div><\/div>\n<\/div><\/div>\n\n\n\n<div class=\"wp-block-cover alignfull\" style=\"min-height:600px;aspect-ratio:unset;\"><span aria-hidden=\"true\" class=\"wp-block-cover__background has-nv-site-bg-background-color has-background-dim-100 has-background-dim\"><\/span><div class=\"wp-block-cover__inner-container is-layout-flow wp-block-cover-is-layout-flow\">\n<div class=\"wp-block-group\"><div class=\"wp-block-group__inner-container is-layout-flow wp-block-group-is-layout-flow\">\n<div style=\"height:80px\" aria-hidden=\"true\" class=\"wp-block-spacer\"><\/div>\n\n\n\n<p><\/p>\n\n\n\n<div class=\"wp-block-columns are-vertically-aligned-center is-layout-flex wp-container-core-columns-is-layout-9d6595d7 wp-block-columns-is-layout-flex\">\n<div class=\"wp-block-column is-vertically-aligned-center is-layout-flow wp-block-column-is-layout-flow\" style=\"flex-basis:50%\"><div class=\"wp-block-image\">\n<figure class=\"aligncenter size-large\"><img loading=\"lazy\" decoding=\"async\" width=\"1024\" height=\"1024\" src=\"http:\/\/kiallunkagyermekedert.hu\/wp-content\/uploads\/2023\/02\/IMG_9321-1024x1024.jpg\" alt=\"\" class=\"wp-image-565\" srcset=\"http:\/\/kiallunkagyermekedert.hu\/wp-content\/uploads\/2023\/02\/IMG_9321-1024x1024.jpg 1024w, http:\/\/kiallunkagyermekedert.hu\/wp-content\/uploads\/2023\/02\/IMG_9321-300x300.jpg 300w, http:\/\/kiallunkagyermekedert.hu\/wp-content\/uploads\/2023\/02\/IMG_9321-150x150.jpg 150w, http:\/\/kiallunkagyermekedert.hu\/wp-content\/uploads\/2023\/02\/IMG_9321-768x768.jpg 768w, http:\/\/kiallunkagyermekedert.hu\/wp-content\/uploads\/2023\/02\/IMG_9321-1536x1536.jpg 1536w, http:\/\/kiallunkagyermekedert.hu\/wp-content\/uploads\/2023\/02\/IMG_9321.jpg 2048w, http:\/\/kiallunkagyermekedert.hu\/wp-content\/uploads\/2023\/02\/IMG_9321-24x24.jpg 24w, http:\/\/kiallunkagyermekedert.hu\/wp-content\/uploads\/2023\/02\/IMG_9321-48x48.jpg 48w, http:\/\/kiallunkagyermekedert.hu\/wp-content\/uploads\/2023\/02\/IMG_9321-96x96.jpg 96w\" sizes=\"auto, (max-width: 1024px) 100vw, 1024px\" \/><figcaption class=\"wp-element-caption\">Loving father walking side by side with son holding hands.<\/figcaption><\/figure>\n<\/div>\n\n\n<h3 class=\"has-text-align-center has-neve-text-color-color has-text-color wp-block-heading\">Forgalomlass\u00edt\u00e1s, \u00fatlez\u00e1r\u00e1s<\/h3>\n\n\n\n<p class=\"has-text-align-center has-neve-text-color-color has-text-color\">Lorem ipsum dolor sit amet, consectetur adipiscing elit. Ut elit tellus, luctus nec ullamcorper mattis.<\/p>\n\n\n\n<div class=\"wp-block-buttons is-content-justification-center is-layout-flex wp-container-core-buttons-is-layout-16018d1d wp-block-buttons-is-layout-flex\">\n<div class=\"wp-block-button is-style-primary\"><a class=\"wp-block-button__link wp-element-button\" href=\"#\">PROJECT DETAILS<\/a><\/div>\n<\/div>\n\n\n\n<div style=\"height:40px\" aria-hidden=\"true\" class=\"wp-block-spacer\"><\/div>\n<\/div>\n\n\n\n<div class=\"wp-block-column is-vertically-aligned-center is-layout-flow wp-block-column-is-layout-flow\" style=\"flex-basis:50%\"><div class=\"wp-block-image\">\n<figure class=\"aligncenter size-large\"><img loading=\"lazy\" decoding=\"async\" width=\"1024\" height=\"768\" src=\"http:\/\/kiallunkagyermekedert.hu\/wp-content\/uploads\/2023\/02\/IMG_0007-1024x768.jpeg\" alt=\"\" class=\"wp-image-566\" srcset=\"http:\/\/kiallunkagyermekedert.hu\/wp-content\/uploads\/2023\/02\/IMG_0007-1024x768.jpeg 1024w, http:\/\/kiallunkagyermekedert.hu\/wp-content\/uploads\/2023\/02\/IMG_0007-300x225.jpeg 300w, http:\/\/kiallunkagyermekedert.hu\/wp-content\/uploads\/2023\/02\/IMG_0007-768x576.jpeg 768w, http:\/\/kiallunkagyermekedert.hu\/wp-content\/uploads\/2023\/02\/IMG_0007-1536x1152.jpeg 1536w, http:\/\/kiallunkagyermekedert.hu\/wp-content\/uploads\/2023\/02\/IMG_0007-2048x1536.jpeg 2048w\" sizes=\"auto, (max-width: 1024px) 100vw, 1024px\" \/><\/figure>\n<\/div>\n\n\n<h3 class=\"has-text-align-center has-neve-text-color-color has-text-color wp-block-heading\">Al\u00e1\u00edr\u00e1sgy\u0171jt\u00e9s<\/h3>\n\n\n\n<p class=\"has-text-align-center has-neve-text-color-color has-text-color\">Lorem ipsum dolor sit amet, consectetur adipiscing elit. Ut elit tellus, luctus nec ullamcorper mattis.<\/p>\n\n\n\n<div class=\"wp-block-buttons is-content-justification-center is-layout-flex wp-container-core-buttons-is-layout-16018d1d wp-block-buttons-is-layout-flex\">\n<div class=\"wp-block-button is-style-primary\"><a class=\"wp-block-button__link wp-element-button\" href=\"#\">PROJECT DETAILS<\/a><\/div>\n<\/div>\n\n\n\n<div style=\"height:40px\" aria-hidden=\"true\" class=\"wp-block-spacer\"><\/div>\n<\/div>\n<\/div>\n\n\n\n<div style=\"height:40px\" aria-hidden=\"true\" class=\"wp-block-spacer\"><\/div>\n<\/div><\/div>\n<\/div><\/div>\n\n\n\n<div class=\"wp-block-cover alignfull\" style=\"min-height:600px;aspect-ratio:unset;\"><span aria-hidden=\"true\" class=\"wp-block-cover__background has-nv-site-bg-background-color has-background-dim-100 has-background-dim\"><\/span><div class=\"wp-block-cover__inner-container is-layout-flow wp-block-cover-is-layout-flow\">\n<div class=\"wp-block-group\"><div class=\"wp-block-group__inner-container is-layout-flow wp-block-group-is-layout-flow\">\n<div style=\"height:80px\" aria-hidden=\"true\" class=\"wp-block-spacer\"><\/div>\n\n\n\n<div class=\"wp-block-columns are-vertically-aligned-center is-layout-flex wp-container-core-columns-is-layout-9d6595d7 wp-block-columns-is-layout-flex\">\n<div class=\"wp-block-column is-vertically-aligned-center is-layout-flow wp-block-column-is-layout-flow\" style=\"flex-basis:50%\"><div class=\"wp-block-image\">\n<figure class=\"aligncenter size-large\"><img loading=\"lazy\" decoding=\"async\" width=\"1024\" height=\"768\" src=\"http:\/\/kiallunkagyermekedert.hu\/wp-content\/uploads\/2023\/02\/IMG_8025-1024x768.jpeg\" alt=\"\" class=\"wp-image-567\" srcset=\"http:\/\/kiallunkagyermekedert.hu\/wp-content\/uploads\/2023\/02\/IMG_8025-1024x768.jpeg 1024w, http:\/\/kiallunkagyermekedert.hu\/wp-content\/uploads\/2023\/02\/IMG_8025-300x225.jpeg 300w, http:\/\/kiallunkagyermekedert.hu\/wp-content\/uploads\/2023\/02\/IMG_8025-768x576.jpeg 768w, http:\/\/kiallunkagyermekedert.hu\/wp-content\/uploads\/2023\/02\/IMG_8025-1536x1152.jpeg 1536w, http:\/\/kiallunkagyermekedert.hu\/wp-content\/uploads\/2023\/02\/IMG_8025-2048x1536.jpeg 2048w\" sizes=\"auto, (max-width: 1024px) 100vw, 1024px\" \/><figcaption class=\"wp-element-caption\">Loving father walking side by side with son holding hands.<\/figcaption><\/figure>\n<\/div>\n\n\n<h3 class=\"has-text-align-center has-neve-text-color-color has-text-color wp-block-heading\">Ki\u00fcl\u00e9s, hosszabb demonstr\u00e1ci\u00f3, s\u00e1traz\u00e1s<\/h3>\n\n\n\n<p class=\"has-text-align-center has-neve-text-color-color has-text-color\">Lorem ipsum dolor sit amet, consectetur adipiscing elit. Ut elit tellus, luctus nec ullamcorper mattis.<\/p>\n\n\n\n<div class=\"wp-block-buttons is-content-justification-center is-layout-flex wp-container-core-buttons-is-layout-16018d1d wp-block-buttons-is-layout-flex\">\n<div class=\"wp-block-button is-style-primary\"><a class=\"wp-block-button__link wp-element-button\" href=\"#\">PROJECT DETAILS<\/a><\/div>\n<\/div>\n\n\n\n<div style=\"height:40px\" aria-hidden=\"true\" class=\"wp-block-spacer\"><\/div>\n<\/div>\n\n\n\n<div class=\"wp-block-column is-vertically-aligned-center is-layout-flow wp-block-column-is-layout-flow\" style=\"flex-basis:50%\"><div class=\"wp-block-image\">\n<figure class=\"aligncenter size-full\"><img loading=\"lazy\" decoding=\"async\" width=\"1000\" height=\"690\" src=\"http:\/\/kiallunkagyermekedert.hu\/wp-content\/uploads\/2023\/02\/Group-Pantomime-Ideas.webp\" alt=\"\" class=\"wp-image-568\" srcset=\"http:\/\/kiallunkagyermekedert.hu\/wp-content\/uploads\/2023\/02\/Group-Pantomime-Ideas.webp 1000w, http:\/\/kiallunkagyermekedert.hu\/wp-content\/uploads\/2023\/02\/Group-Pantomime-Ideas-300x207.webp 300w, http:\/\/kiallunkagyermekedert.hu\/wp-content\/uploads\/2023\/02\/Group-Pantomime-Ideas-768x530.webp 768w\" sizes=\"auto, (max-width: 1000px) 100vw, 1000px\" \/><\/figure>\n<\/div>\n\n\n<h3 class=\"has-text-align-center has-neve-text-color-color has-text-color wp-block-heading\">M\u0171sor bemutat\u00e1sa<\/h3>\n\n\n\n<p class=\"has-text-align-center has-neve-text-color-color has-text-color\">Lorem ipsum dolor sit amet, consectetur adipiscing elit. Ut elit tellus, luctus nec ullamcorper mattis.<\/p>\n\n\n\n<div class=\"wp-block-buttons is-content-justification-center is-layout-flex wp-container-core-buttons-is-layout-16018d1d wp-block-buttons-is-layout-flex\">\n<div class=\"wp-block-button is-style-primary\"><a class=\"wp-block-button__link wp-element-button\" href=\"#\">PROJECT DETAILS<\/a><\/div>\n<\/div>\n\n\n\n<div style=\"height:40px\" aria-hidden=\"true\" class=\"wp-block-spacer\"><\/div>\n<\/div>\n<\/div>\n\n\n\n<div style=\"height:40px\" aria-hidden=\"true\" class=\"wp-block-spacer\"><\/div>\n<\/div><\/div>\n<\/div><\/div>\n\n\n\n<div class=\"wp-block-cover alignfull\" style=\"min-height:600px;aspect-ratio:unset;\"><span aria-hidden=\"true\" class=\"wp-block-cover__background has-nv-site-bg-background-color has-background-dim-100 has-background-dim\"><\/span><div class=\"wp-block-cover__inner-container is-layout-flow wp-block-cover-is-layout-flow\">\n<div class=\"wp-block-group\"><div class=\"wp-block-group__inner-container is-layout-flow wp-block-group-is-layout-flow\">\n<div style=\"height:80px\" aria-hidden=\"true\" class=\"wp-block-spacer\"><\/div>\n\n\n\n<div class=\"wp-block-columns are-vertically-aligned-center is-layout-flex wp-container-core-columns-is-layout-9d6595d7 wp-block-columns-is-layout-flex\">\n<div class=\"wp-block-column is-vertically-aligned-center is-layout-flow wp-block-column-is-layout-flow\" style=\"flex-basis:50%\"><div class=\"wp-block-image\">\n<figure class=\"aligncenter size-full\"><img loading=\"lazy\" decoding=\"async\" width=\"612\" height=\"408\" src=\"http:\/\/kiallunkagyermekedert.hu\/wp-content\/uploads\/2023\/02\/istockphoto-1147846829-612x612-1.jpg\" alt=\"\" class=\"wp-image-552\" srcset=\"http:\/\/kiallunkagyermekedert.hu\/wp-content\/uploads\/2023\/02\/istockphoto-1147846829-612x612-1.jpg 612w, http:\/\/kiallunkagyermekedert.hu\/wp-content\/uploads\/2023\/02\/istockphoto-1147846829-612x612-1-300x200.jpg 300w\" sizes=\"auto, (max-width: 612px) 100vw, 612px\" \/><figcaption class=\"wp-element-caption\">Loving father walking side by side with son holding hands.<\/figcaption><\/figure>\n<\/div>\n\n\n<h3 class=\"has-text-align-center has-neve-text-color-color has-text-color wp-block-heading\">Plak\u00e1tok, matric\u00e1k, aszfaltrajzok kihelyez\u00e9se<\/h3>\n\n\n\n<p class=\"has-text-align-center has-neve-text-color-color has-text-color\">Lorem ipsum dolor sit amet, consectetur adipiscing elit. Ut elit tellus, luctus nec ullamcorper mattis.<\/p>\n\n\n\n<div class=\"wp-block-buttons is-content-justification-center is-layout-flex wp-container-core-buttons-is-layout-16018d1d wp-block-buttons-is-layout-flex\">\n<div class=\"wp-block-button is-style-primary\"><a class=\"wp-block-button__link wp-element-button\" href=\"#\">PROJECT DETAILS<\/a><\/div>\n<\/div>\n\n\n\n<div style=\"height:40px\" aria-hidden=\"true\" class=\"wp-block-spacer\"><\/div>\n<\/div>\n\n\n\n<div class=\"wp-block-column is-vertically-aligned-center is-layout-flow wp-block-column-is-layout-flow\" style=\"flex-basis:50%\"><div class=\"wp-block-image\">\n<figure class=\"aligncenter size-full\"><img loading=\"lazy\" decoding=\"async\" width=\"432\" height=\"444\" src=\"http:\/\/kiallunkagyermekedert.hu\/wp-content\/uploads\/2023\/02\/Screen-Shot.jpg\" alt=\"\" class=\"wp-image-553\" srcset=\"http:\/\/kiallunkagyermekedert.hu\/wp-content\/uploads\/2023\/02\/Screen-Shot.jpg 432w, http:\/\/kiallunkagyermekedert.hu\/wp-content\/uploads\/2023\/02\/Screen-Shot-292x300.jpg 292w, http:\/\/kiallunkagyermekedert.hu\/wp-content\/uploads\/2023\/02\/Screen-Shot-24x24.jpg 24w, http:\/\/kiallunkagyermekedert.hu\/wp-content\/uploads\/2023\/02\/Screen-Shot-48x48.jpg 48w\" sizes=\"auto, (max-width: 432px) 100vw, 432px\" \/><\/figure>\n<\/div>\n\n\n<h3 class=\"has-text-align-center has-neve-text-color-color has-text-color wp-block-heading\"><\/h3>\n\n\n\n<p class=\"has-text-align-center has-neve-text-color-color has-text-color\">Lorem ipsum dolor sit amet, consectetur adipiscing elit. Ut elit tellus, luctus nec ullamcorper mattis.<\/p>\n\n\n\n<div class=\"wp-block-buttons is-content-justification-center is-layout-flex wp-container-core-buttons-is-layout-16018d1d wp-block-buttons-is-layout-flex\">\n<div class=\"wp-block-button is-style-primary\"><a class=\"wp-block-button__link wp-element-button\" href=\"#\">PROJECT DETAILS<\/a><\/div>\n<\/div>\n\n\n\n<div style=\"height:40px\" aria-hidden=\"true\" class=\"wp-block-spacer\"><\/div>\n<\/div>\n<\/div>\n\n\n\n<div style=\"height:40px\" aria-hidden=\"true\" class=\"wp-block-spacer\"><\/div>\n<\/div><\/div>\n<\/div><\/div>\n\n\n\n<div class=\"wp-block-cover alignfull\" style=\"min-height:300px;aspect-ratio:unset;\"><span aria-hidden=\"true\" class=\"wp-block-cover__background has-nv-dark-bg-background-color has-background-dim-100 has-background-dim\"><\/span><div class=\"wp-block-cover__inner-container is-layout-flow wp-block-cover-is-layout-flow\">\n<div style=\"height:80px\" aria-hidden=\"true\" class=\"wp-block-spacer\"><\/div>\n\n\n<div class=\"wp-block-image is-style-rounded\">\n<figure class=\"aligncenter is-resized\"><img loading=\"lazy\" decoding=\"async\" src=\"http:\/\/kiallunkagyermekedert.hu\/wp-content\/themes\/neve\/assets\/img\/starter-content\/team-03.jpg\" alt=\"\" width=\"80\" height=\"80\"\/><\/figure>\n<\/div>\n\n\n<p class=\"has-text-align-center has-nv-text-dark-bg-color has-text-color\">\u201cWhat is the point of being alive if you don\u2019t at least <br>try to do something remarkable?\u201d<\/p>\n\n\n\n<p class=\"has-text-align-center has-nv-text-dark-bg-color has-text-color\" style=\"font-size:14px\">JANET MORRIS<\/p>\n\n\n\n<div style=\"height:80px\" aria-hidden=\"true\" class=\"wp-block-spacer\"><\/div>\n<\/div><\/div>\n","protected":false},"excerpt":{"rendered":"","protected":false},"author":1,"featured_media":0,"parent":0,"menu_order":0,"comment_status":"closed","ping_status":"closed","template":"","meta":{"_seopress_robots_primary_cat":"","neve_meta_sidebar":"","neve_meta_container":"","neve_meta_enable_content_width":"on","neve_meta_content_width":100,"neve_meta_title_alignment":"","neve_meta_author_avatar":"","neve_post_elements_order":"","neve_meta_disable_header":"","neve_meta_disable_footer":"","neve_meta_disable_title":"on","footnotes":""},"class_list":["post-546","page","type-page","status-publish","hentry"],"_links":{"self":[{"href":"http:\/\/kiallunkagyermekedert.hu\/index.php\/wp-json\/wp\/v2\/pages\/546","targetHints":{"allow":["GET"]}}],"collection":[{"href":"http:\/\/kiallunkagyermekedert.hu\/index.php\/wp-json\/wp\/v2\/pages"}],"about":[{"href":"http:\/\/kiallunkagyermekedert.hu\/index.php\/wp-json\/wp\/v2\/types\/page"}],"author":[{"embeddable":true,"href":"http:\/\/kiallunkagyermekedert.hu\/index.php\/wp-json\/wp\/v2\/users\/1"}],"replies":[{"embeddable":true,"href":"http:\/\/kiallunkagyermekedert.hu\/index.php\/wp-json\/wp\/v2\/comments?post=546"}],"version-history":[{"count":9,"href":"http:\/\/kiallunkagyermekedert.hu\/index.php\/wp-json\/wp\/v2\/pages\/546\/revisions"}],"predecessor-version":[{"id":577,"href":"http:\/\/kiallunkagyermekedert.hu\/index.php\/wp-json\/wp\/v2\/pages\/546\/revisions\/577"}],"wp:attachment":[{"href":"http:\/\/kiallunkagyermekedert.hu\/index.php\/wp-json\/wp\/v2\/media?parent=546"}],"curies":[{"name":"wp","href":"https:\/\/api.w.org\/{rel}","templated":true}]}}