{"id":36,"date":"2022-03-25T21:45:05","date_gmt":"2022-03-25T21:45:05","guid":{"rendered":"http:\/\/kiallunkagyermekedert.hu\/?page_id=36"},"modified":"2023-03-01T21:28:20","modified_gmt":"2023-03-01T21:28:20","slug":"elerhetosegek","status":"publish","type":"page","link":"http:\/\/kiallunkagyermekedert.hu\/index.php\/elerhetosegek\/","title":{"rendered":"El\u00e9rhet\u0151s\u00e9gek"},"content":{"rendered":"\n<p><strong>Szem\u00e9lyes konzult\u00e1ci\u00f3 id\u0151pont foglal\u00e1s: +36302255171<\/strong><\/p>\n\n\n\n<p>E-mail: <a rel=\"noreferrer noopener\" href=\"mailto:kiallunkagyermekedert@gmail.com\" target=\"_blank\"><em>kiallunkagyermekedert@gmail.com<\/em><\/a><\/p>\n\n\n\n<p>Facebook oldalunk: <em><a href=\"https:\/\/www.facebook.com\/kiallunkagyermekedert\/\" target=\"_blank\" rel=\"noreferrer noopener\">https:\/\/www.facebook.com\/kiallunkagyermekedert\/<\/a><\/em><\/p>\n\n\n\n<p>Esem\u00e9nyek: <em><a href=\"https:\/\/www.facebook.com\/kiallunkagyermekedert\/events\/\" target=\"_blank\" rel=\"noreferrer noopener\">https:\/\/www.facebook.com\/kiallunkagyermekedert\/events\/<\/a><\/em><\/p>\n\n\n\n<p>Youtube csatorn\u00e1nk: <em><a href=\"https:\/\/youtube.com\/channel\/UCYomkI7pLqTVEcJmeSRu2GQ\" target=\"_blank\" rel=\"noreferrer noopener\">https:\/\/youtube.com\/channel\/UCYomkI7pLqTVEcJmeSRu2GQ<\/a><\/em><\/p>\n\n\n\n<p>A bejegyz\u00e9s alatt \u00e1ll\u00f3 egyes\u00fclet\u00fcnk sz\u00e9khelye: <em><a rel=\"noreferrer noopener\" href=\"https:\/\/www.google.com\/maps\/place\/Budapest,+Weiner+Le\u00f3+u.+11,+1065\/@47.5071135,19.055025,17z\/data=!3m1!4b1!4m6!3m5!1s0x4741dc6d4a55ba17:0x3eff1b97b42039fa!8m2!3d47.5071135!4d19.0572137!16s%2Fg%2F11c23j7mrp\" target=\"_blank\">1065 Budapest, Weiner Le\u00f3 utca 11. sz\u00e1m 1\/11<\/a><\/em><\/p>\n","protected":false},"excerpt":{"rendered":"<p>Szem\u00e9lyes konzult\u00e1ci\u00f3 id\u0151pont foglal\u00e1s: +36302255171 E-mail: kiallunkagyermekedert@gmail.com Facebook oldalunk: https:\/\/www.facebook.com\/kiallunkagyermekedert\/ Esem\u00e9nyek: https:\/\/www.facebook.com\/kiallunkagyermekedert\/events\/ Youtube csatorn\u00e1nk: https:\/\/youtube.com\/channel\/UCYomkI7pLqTVEcJmeSRu2GQ A bejegyz\u00e9s alatt \u00e1ll\u00f3 egyes\u00fclet\u00fcnk sz\u00e9khelye: 1065 Budapest, Weiner Le\u00f3 utca 11. sz\u00e1m 1\/11<\/p>\n","protected":false},"author":1,"featured_media":0,"parent":0,"menu_order":0,"comment_status":"closed","ping_status":"closed","template":"","meta":{"_seopress_robots_primary_cat":"","neve_meta_sidebar":"","neve_meta_container":"","neve_meta_enable_content_width":"","neve_meta_content_width":0,"neve_meta_title_alignment":"","neve_meta_author_avatar":"","neve_post_elements_order":"","neve_meta_disable_header":"","neve_meta_disable_footer":"","neve_meta_disable_title":"","footnotes":""},"class_list":["post-36","page","type-page","status-publish","hentry"],"_links":{"self":[{"href":"http:\/\/kiallunkagyermekedert.hu\/index.php\/wp-json\/wp\/v2\/pages\/36","targetHints":{"allow":["GET"]}}],"collection":[{"href":"http:\/\/kiallunkagyermekedert.hu\/index.php\/wp-json\/wp\/v2\/pages"}],"about":[{"href":"http:\/\/kiallunkagyermekedert.hu\/index.php\/wp-json\/wp\/v2\/types\/page"}],"author":[{"embeddable":true,"href":"http:\/\/kiallunkagyermekedert.hu\/index.php\/wp-json\/wp\/v2\/users\/1"}],"replies":[{"embeddable":true,"href":"http:\/\/kiallunkagyermekedert.hu\/index.php\/wp-json\/wp\/v2\/comments?post=36"}],"version-history":[{"count":12,"href":"http:\/\/kiallunkagyermekedert.hu\/index.php\/wp-json\/wp\/v2\/pages\/36\/revisions"}],"predecessor-version":[{"id":641,"href":"http:\/\/kiallunkagyermekedert.hu\/index.php\/wp-json\/wp\/v2\/pages\/36\/revisions\/641"}],"wp:attachment":[{"href":"http:\/\/kiallunkagyermekedert.hu\/index.php\/wp-json\/wp\/v2\/media?parent=36"}],"curies":[{"name":"wp","href":"https:\/\/api.w.org\/{rel}","templated":true}]}}